{"id":463,"date":"2020-10-01T15:49:13","date_gmt":"2020-10-01T15:49:13","guid":{"rendered":"https:\/\/lecoupeur.team-yield.dev\/politique-de-confidentialite\/"},"modified":"2022-07-17T22:08:10","modified_gmt":"2022-07-17T22:08:10","slug":"politique-de-confidentialite","status":"publish","type":"page","link":"https:\/\/lecoupeur.com\/en\/politique-de-confidentialite\/","title":{"rendered":"PRIVACY POLICY"},"content":{"rendered":"\t\t<div data-elementor-type=\"wp-page\" data-elementor-id=\"463\" class=\"elementor elementor-463\">\n\t\t\t\t\t\t<div class=\"elementor-inner\">\n\t\t\t\t<div class=\"elementor-section-wrap\">\n\t\t\t\t\t\t\t\t\t<section class=\"elementor-section elementor-top-section elementor-element elementor-element-cb26fd8 dc-has-condition dc-condition-equal elementor-section-boxed elementor-section-height-default elementor-section-height-default\" data-id=\"cb26fd8\" data-element_type=\"section\" data-settings=\"{&quot;background_background&quot;:&quot;classic&quot;,&quot;jet_parallax_layout_list&quot;:[]}\">\n\t\t\t\t\t\t<div class=\"elementor-container elementor-column-gap-default\">\n\t\t\t\t\t\t\t<div class=\"elementor-row\">\n\t\t\t\t\t<div class=\"elementor-column elementor-col-100 elementor-top-column elementor-element elementor-element-0f0c3c4\" data-id=\"0f0c3c4\" data-element_type=\"column\">\n\t\t\t<div class=\"elementor-column-wrap elementor-element-populated\">\n\t\t\t\t\t\t\t<div class=\"elementor-widget-wrap\">\n\t\t\t\t\t\t<div class=\"elementor-element elementor-element-507bfd2 elementor-widget elementor-widget-heading\" data-id=\"507bfd2\" data-element_type=\"widget\" data-widget_type=\"heading.default\">\n\t\t\t\t<div class=\"elementor-widget-container\">\n\t\t\t<h1 class=\"elementor-heading-title elementor-size-default\">Privacy policy<\/h1>\t\t<\/div>\n\t\t\t\t<\/div>\n\t\t\t\t\t\t<\/div>\n\t\t\t\t\t<\/div>\n\t\t<\/div>\n\t\t\t\t\t\t\t\t<\/div>\n\t\t\t\t\t<\/div>\n\t\t<\/section>\n\t\t\t\t<section class=\"elementor-section elementor-top-section elementor-element elementor-element-11126cd elementor-section-boxed elementor-section-height-default elementor-section-height-default\" data-id=\"11126cd\" data-element_type=\"section\" data-settings=\"{&quot;jet_parallax_layout_list&quot;:[]}\">\n\t\t\t\t\t\t<div class=\"elementor-container elementor-column-gap-default\">\n\t\t\t\t\t\t\t<div class=\"elementor-row\">\n\t\t\t\t\t<div class=\"elementor-column elementor-col-100 elementor-top-column elementor-element elementor-element-1a6ba47\" data-id=\"1a6ba47\" data-element_type=\"column\">\n\t\t\t<div class=\"elementor-column-wrap elementor-element-populated\">\n\t\t\t\t\t\t\t<div class=\"elementor-widget-wrap\">\n\t\t\t\t\t\t<div class=\"elementor-element elementor-element-019d767 elementor-widget elementor-widget-shortcode\" data-id=\"019d767\" data-element_type=\"widget\" data-widget_type=\"shortcode.default\">\n\t\t\t\t<div class=\"elementor-widget-container\">\n\t\t\t\t\t<div class=\"elementor-shortcode\">\n<!-- Legal document generated by Complianz | GDPR\/CCPA Cookie Consent https:\/\/wordpress.org\/plugins\/complianz-gdpr -->\n<div id=\"cmplz-document\" class=\"cmplz-document privacy-statement cmplz-document-eu\"><p><i>This privacy statement was last updated on July 17, 2022 and applies to citizens and legal permanent residents of the European Economic Area and Switzerland.<\/i><br \/><br \/><\/p><p><p>In this privacy statement, we explain what we do with the data we obtain about you via <a href=\"https:\/\/lecoupeur.com\/en\/\">https:\/\/lecoupeur.com\/en\/<\/a>. We recommend you carefully read this statement. In our processing we comply with the requirements of privacy legislation. That means, among other things, that:<\/p><ul>\n                <li>we clearly state the purposes for which we process personal data. We do this by means of this privacy statement;<\/li>\n                <li>we aim to limit our collection of personal data to only the personal data required for legitimate purposes;<\/li>\n                <li>we first request your explicit consent to process your personal data in cases requiring your consent;<\/li>\n                <li>we take appropriate security measures to protect your personal data and also require this from parties that process personal data on our behalf;<\/li>\n                <li>we respect your right to access your personal data or have it corrected or deleted, at your request.<\/li>\n            <\/ul><p>If you have any questions, or want to know exactly what data we keep of you, please contact us.<\/p><\/p><h2>1. Purpose, data and retention period<\/h2>We may collect or receive personal information for a number of purposes connected with our business operations which may include the following: (click to expand)<details class=\"cmplz-dropdown dropdown-privacy-statement\"><summary><div><h3>1.1 Contact - Through phone, mail, email and\/or webforms<\/h3><\/div><\/summary><p class=\"cmplz-subtitle\">For this purpose we use the following data:<\/p><p><ul><li>A first and last name<\/li><li>A home or other physical address, including street name and name of a city or town<\/li><li>An email address<\/li><\/ul><\/p><p class=\"cmplz-subtitle\">The basis on which we may process these data is:<\/p><p><a target=\"_blank\" rel=\"noopener noreferrer nofollow\" href=\"https:\/\/cookiedatabase.org\/legal-bases\/#consent\">Upon the provision of consent.<\/a><\/p><p class=\"cmplz-subtitle\">Retention period<\/p><p>We retain this data until the service is terminated.<\/p><\/details><details class=\"cmplz-dropdown dropdown-privacy-statement\"><summary><div><h3>1.2 Payments<\/h3><\/div><\/summary><p class=\"cmplz-subtitle\">For this purpose we use the following data:<\/p><p><ul><li>A first and last name<\/li><li>A home or other physical address, including street name and name of a city or town<\/li><li>An email address<\/li><li>Financial information such as bank account number or credit card number<\/li><li>A telephone number<\/li><\/ul><\/p><p class=\"cmplz-subtitle\">The basis on which we may process these data is:<\/p><p><a target=\"_blank\" rel=\"noopener noreferrer nofollow\" href=\"https:\/\/cookiedatabase.org\/legal-bases\/#consent\">Upon the provision of consent.<\/a><\/p><p class=\"cmplz-subtitle\">Retention period<\/p><p>We retain this data until the service is terminated.<\/p><\/details><details class=\"cmplz-dropdown dropdown-privacy-statement\"><summary><div><h3>1.3 Registering an account<\/h3><\/div><\/summary><p class=\"cmplz-subtitle\">For this purpose we use the following data:<\/p><p><ul><li>A first and last name<\/li><li>A home or other physical address, including street name and name of a city or town<\/li><li>An email address<\/li><\/ul><\/p><p class=\"cmplz-subtitle\">The basis on which we may process these data is:<\/p><p><a target=\"_blank\" rel=\"noopener noreferrer nofollow\" href=\"https:\/\/cookiedatabase.org\/legal-bases\/#consent\">Upon the provision of consent.<\/a><\/p><p class=\"cmplz-subtitle\">Retention period<\/p><p>We retain this data until the service is terminated.<\/p><\/details><details class=\"cmplz-dropdown dropdown-privacy-statement\"><summary><div><h3>1.4 To support services or products that a customer wants to buy or has purchased<\/h3><\/div><\/summary><p class=\"cmplz-subtitle\">For this purpose we use the following data:<\/p><p><ul><li>A first and last name<\/li><li>A home or other physical address, including street name and name of a city or town<\/li><li>An email address<\/li><li>A telephone number<\/li><\/ul><\/p><p class=\"cmplz-subtitle\">The basis on which we may process these data is:<\/p><p><a target=\"_blank\" rel=\"noopener noreferrer nofollow\" href=\"https:\/\/cookiedatabase.org\/legal-bases\/#consent\">Upon the provision of consent.<\/a><\/p><p class=\"cmplz-subtitle\">Retention period<\/p><p>We retain this data until the service is terminated.<\/p><\/details><details class=\"cmplz-dropdown dropdown-privacy-statement\"><summary><div><h3>1.5 Deliveries<\/h3><\/div><\/summary><p class=\"cmplz-subtitle\">For this purpose we use the following data:<\/p><p><ul><li>A first and last name<\/li><li>A home or other physical address, including street name and name of a city or town<\/li><li>An email address<\/li><li>A telephone number<\/li><\/ul><\/p><p class=\"cmplz-subtitle\">The basis on which we may process these data is:<\/p><p><a target=\"_blank\" rel=\"noopener noreferrer nofollow\" href=\"https:\/\/cookiedatabase.org\/legal-bases\/#consent\">Upon the provision of consent.<\/a><\/p><p class=\"cmplz-subtitle\">Retention period<\/p><p>We retain this data until the service is terminated.<\/p><\/details><h2>2. Sharing with other parties<\/h2><p>We only share or disclose this data to processors for the following purposes:<\/p><p><b>Name:<\/b>&nbsp;Colissimo<br \/>\n            <b>Country:<\/b>&nbsp;<br \/>\n            <b>Purpose:<\/b>&nbsp;Livraison<br \/>\n            <b>Name:<\/b>&nbsp;Stripe<br \/>\n            <b>Country:<\/b>&nbsp;<br \/>\n            <b>Purpose:<\/b>&nbsp;Paiement<br \/>\n            <b>Name:<\/b>&nbsp;Paypal<br \/>\n            <b>Country:<\/b>&nbsp;<br \/>\n            <b>Purpose:<\/b>&nbsp;Paiement<br \/>\n            <\/p><h2>3. Cookies<\/h2><p>Our website uses cookies. For more information about cookies, please refer to our <a href=\"https:\/\/lecoupeur.com\/en\/cookies-policy\/\">Cookie Policy<\/a>.&nbsp;<\/p><h2>4. Disclosure practices<\/h2><p><p>We disclose personal information if we are required by law or by a court order, in response to a law enforcement agency, to the extent permitted under other provisions of law, to provide information, or for an investigation on a matter related to public safety.<\/p><p>If our website or organisation is taken over, sold, or involved in a merger or acquisition, your details may be disclosed to our advisers and any prospective purchasers and will be passed on to the new owners.<\/p><\/p><p>We have concluded a data Processing Agreement with Google.<\/p><p>Google may not use the data for any other Google services.<\/p><p>The inclusion of full IP addresses is blocked by us.<\/p><h2>5. Security<\/h2><p>We are committed to the security of personal data. We take appropriate security measures to limit abuse of and unauthorized access to personal data. This ensures that only the necessary persons have access to your data, that access to the data is protected, and that our security measures are regularly reviewed.<\/p><h2>6. Third-party websites<\/h2><p>This privacy statement does not apply to third-party websites connected by links on our website. We cannot guarantee that these third parties handle your personal data in a reliable or secure manner. We recommend you read the privacy statements of these websites prior to making use of these websites.<\/p><h2>7. Amendments to this privacy statement<\/h2><p>We reserve the right to make amendments to this privacy statement. It is recommended that you consult this privacy statement regularly in order to be aware of any changes. In addition, we will actively inform you wherever possible.<\/p><h2>8. Accessing and modifying your data<\/h2><p>If you have any questions or want to know which personal data we have about you, please contact us. You can contact us by using the information below. You have the following rights:<\/p><ul>\n                <li>You have the right to know why your personal data is needed, what will happen to it, and how long it will be retained for.<\/li>\n                <li>Right of access: You have the right to access your personal data that is known to us.<\/li>\n                <li>Right to rectification: you have the right to supplement, correct, have deleted or blocked your personal data whenever you wish.<\/li>\n                <li>If you give us your consent to process your data, you have the right to revoke that consent and to have your personal data deleted.<\/li>\n                <li>Right to transfer your data: you have the right to request all your personal data from the controller and transfer it in its entirety to another controller.<\/li>\n                <li>Right to object: you may object to the processing of your data. We comply with this, unless there are justified grounds for processing.<\/li>\n            <\/ul><p>Please make sure to always clearly state who you are, so that we can be certain that we do not modify or delete any data of the wrong person.<\/p><h2>9. Submitting a complaint<\/h2><p>If you are not satisfied with the way in which we handle (a complaint about) the processing of your personal data, you have the right to submit a complaint to the Data Protection Authority.<\/p><h2>10. Contact details<\/h2><p>Le Coupeur<br \/>\n        63B avenue Germain Tequi<br \/>\r\n81160 Saint-Juery<br \/>\n        France<br \/>\n        Website: <a href=\"https:\/\/lecoupeur.com\/en\/\">https:\/\/lecoupeur.com\/en\/<\/a> <br \/>\n        Email: <span class=\"cmplz-obfuscate\">m&#111;c&#x2e;rue&#x70;uo&#099;&#101;&#108;&#x40;t&#x63;atno&#099;<\/span> <br \/>\n        <\/p><h2>Annex<\/h2><p><h3>WooCommerce Gift Cards<\/h3>\r\n<div class=\"wp-suggested-text\">\r\n<p class=\"privacy-policy-tutorial\">Les cartes-cadeaux WooCommerce stockent les informations suivantes, telles que fournies par les acheteurs de cartes-cadeaux\u00a0:<\/p>\r\n\r\n<ul class=\"privacy-policy-tutorial\">\r\n \t<li>Nom de l'exp\u00e9diteur.<\/li>\r\n \t<li>Nom du destinataire.<\/li>\r\n \t<li>Destinataire E-mail.<\/li>\r\n \t<li>Message de l'exp\u00e9diteur au destinataire.<\/li>\r\n<\/ul>\r\n<p class=\"privacy-policy-tutorial\">Ces informations peuvent \u00eatre utilis\u00e9es pour identifier personnellement l'exp\u00e9diteur et le(s) destinataire(s), et sont stock\u00e9es ind\u00e9finiment.<\/p>\r\n<p class=\"privacy-policy-tutorial\">L'acc\u00e8s complet \u00e0 toutes les donn\u00e9es des cartes-cadeaux est limit\u00e9 aux administrateurs de magasin uniquement. Les g\u00e9rants de magasin peuvent afficher et rechercher par exp\u00e9diteur, destinataire et code de carte-cadeau. Cependant, les messages de cartes-cadeaux ne peuvent pas \u00eatre consult\u00e9s par les g\u00e9rants de magasin.<\/p>\r\n\r\n<\/div><\/p><\/div><\/div>\n\t\t\t\t<\/div>\n\t\t\t\t<\/div>\n\t\t\t\t<div class=\"elementor-element elementor-element-fc22832 elementor-widget elementor-widget-shortcode\" data-id=\"fc22832\" data-element_type=\"widget\" data-widget_type=\"shortcode.default\">\n\t\t\t\t<div class=\"elementor-widget-container\">\n\t\t\t\t\t<div class=\"elementor-shortcode\">\n<!-- Legal document generated by Complianz | GDPR\/CCPA Cookie Consent https:\/\/wordpress.org\/plugins\/complianz-gdpr -->\n<div id=\"cmplz-document\" class=\"cmplz-document disclaimer cmplz-document-all\"><p>Le Coupeur is committed to keeping this website up to date and accurate. Should you nevertheless encounter anything that is incorrect or out of date, we would appreciate it if you could let us know. Please indicate where on the website you read the information. We will then look at this as soon as possible. Please send your response by email to: <span class=\"cmplz-obfuscate\">m&#111;c&#046;ruep&#117;o&#x63;el&#064;&#x74;catnoc<\/span>.<\/p><p>We are not liable for loss as a result of inaccuracies or incompleteness, nor for loss resulting from problems caused by or inherent to the dissemination of information through the internet, such as disruptions or interruptions. When using web forms, we strive to limit the number of required fields to a minimum. For any loss suffered as a result of the use of data, advice or ideas provided by or on behalf of Le Coupeur via this website, Le Coupeur accepts no liability.<\/p><p>The use of the website and all its components (including forums) is subject to <a href=\"https:\/\/lecoupeur.com\/conditions-generales-de-vente-le-coupeur\/\" target=\"_blank\">terms of use<\/a>. The mere use of this website implies the knowledge and the acceptance of these terms of use.<\/p><p>Le Coupeur shall make every reasonable effort to protect its systems against any form of unlawful use. Le Coupeur shall implement appropriate technical and organizational measures to this end, taking into account, among other things, the state of the art. However, it shall not be liable for any loss whatsoever, direct and\/or indirect, suffered by a user of the website, which arises as a result of the unlawful use of its systems by a third party.<\/p><p>All intellectual property rights to content on this website are vested in Le Coupeur.<\/p><p>Copying, disseminating and any other use of these materials is not permitted without the written permission of Le Coupeur, except and only insofar as otherwise stipulated in regulations of mandatory law (such as the right to quote), unless specific content dictates otherwise.<\/p><p>If you have any questions or problems with the accessibility of the website, please do not hesitate to contact us.<\/p><\/div><\/div>\n\t\t\t\t<\/div>\n\t\t\t\t<\/div>\n\t\t\t\t\t\t<\/div>\n\t\t\t\t\t<\/div>\n\t\t<\/div>\n\t\t\t\t\t\t\t\t<\/div>\n\t\t\t\t\t<\/div>\n\t\t<\/section>\n\t\t\t\t\t\t\t\t\t<\/div>\n\t\t\t<\/div>\n\t\t\t\t\t<\/div>\n\t\t","protected":false},"excerpt":{"rendered":"<p>Privacy policy<\/p>\n","protected":false},"author":1,"featured_media":0,"parent":0,"menu_order":0,"comment_status":"closed","ping_status":"closed","template":"elementor_header_footer","meta":[],"acf":[],"yoast_head":"<!-- This site is optimized with the Yoast SEO plugin v20.6 - https:\/\/yoast.com\/wordpress\/plugins\/seo\/ -->\n<title>PRIVACY POLICY | Le Coupeur<\/title>\n<meta name=\"robots\" content=\"index, follow, max-snippet:-1, max-image-preview:large, max-video-preview:-1\" \/>\n<link rel=\"canonical\" href=\"https:\/\/lecoupeur.com\/en\/politique-de-confidentialite\/\" \/>\n<meta property=\"og:locale\" content=\"en_US\" \/>\n<meta property=\"og:type\" content=\"article\" \/>\n<meta property=\"og:title\" content=\"PRIVACY POLICY | Le Coupeur\" \/>\n<meta property=\"og:description\" content=\"Privacy policy\" \/>\n<meta property=\"og:url\" content=\"https:\/\/lecoupeur.com\/en\/politique-de-confidentialite\/\" \/>\n<meta property=\"og:site_name\" content=\"Le Coupeur\" \/>\n<meta property=\"article:publisher\" content=\"https:\/\/www.facebook.com\/lecoupeurbarber\/\" \/>\n<meta property=\"article:modified_time\" content=\"2022-07-17T22:08:10+00:00\" \/>\n<meta name=\"twitter:card\" content=\"summary_large_image\" \/>\n<script type=\"application\/ld+json\" class=\"yoast-schema-graph\">{\"@context\":\"https:\/\/schema.org\",\"@graph\":[{\"@type\":\"WebPage\",\"@id\":\"https:\/\/lecoupeur.com\/en\/politique-de-confidentialite\/\",\"url\":\"https:\/\/lecoupeur.com\/en\/politique-de-confidentialite\/\",\"name\":\"PRIVACY POLICY | Le Coupeur\",\"isPartOf\":{\"@id\":\"https:\/\/lecoupeur.com\/#website\"},\"datePublished\":\"2020-10-01T15:49:13+00:00\",\"dateModified\":\"2022-07-17T22:08:10+00:00\",\"breadcrumb\":{\"@id\":\"https:\/\/lecoupeur.com\/en\/politique-de-confidentialite\/#breadcrumb\"},\"inLanguage\":\"en-US\",\"potentialAction\":[{\"@type\":\"ReadAction\",\"target\":[\"https:\/\/lecoupeur.com\/en\/politique-de-confidentialite\/\"]}]},{\"@type\":\"BreadcrumbList\",\"@id\":\"https:\/\/lecoupeur.com\/en\/politique-de-confidentialite\/#breadcrumb\",\"itemListElement\":[{\"@type\":\"ListItem\",\"position\":1,\"name\":\"Home\",\"item\":\"https:\/\/lecoupeur.com\/en\/\"},{\"@type\":\"ListItem\",\"position\":2,\"name\":\"PRIVACY POLICY\"}]},{\"@type\":\"WebSite\",\"@id\":\"https:\/\/lecoupeur.com\/#website\",\"url\":\"https:\/\/lecoupeur.com\/\",\"name\":\"Le Coupeur\",\"description\":\"Votre Coiffeur - Barbier vous accueille \u00e0 St Ju\u00e9ry\",\"publisher\":{\"@id\":\"https:\/\/lecoupeur.com\/#organization\"},\"potentialAction\":[{\"@type\":\"SearchAction\",\"target\":{\"@type\":\"EntryPoint\",\"urlTemplate\":\"https:\/\/lecoupeur.com\/?s={search_term_string}\"},\"query-input\":\"required name=search_term_string\"}],\"inLanguage\":\"en-US\"},{\"@type\":\"Organization\",\"@id\":\"https:\/\/lecoupeur.com\/#organization\",\"name\":\"Le Coupeur\",\"url\":\"https:\/\/lecoupeur.com\/\",\"logo\":{\"@type\":\"ImageObject\",\"inLanguage\":\"en-US\",\"@id\":\"https:\/\/lecoupeur.com\/#\/schema\/logo\/image\/\",\"url\":\"https:\/\/lecoupeur.com\/wp-content\/uploads\/2020\/11\/Logo-Le-Coupeur.jpg\",\"contentUrl\":\"https:\/\/lecoupeur.com\/wp-content\/uploads\/2020\/11\/Logo-Le-Coupeur.jpg\",\"width\":1000,\"height\":1074,\"caption\":\"Le Coupeur\"},\"image\":{\"@id\":\"https:\/\/lecoupeur.com\/#\/schema\/logo\/image\/\"},\"sameAs\":[\"https:\/\/www.facebook.com\/lecoupeurbarber\/\",\"https:\/\/www.instagram.com\/lecoupeurstore\"]}]}<\/script>\n<!-- \/ Yoast SEO plugin. -->","yoast_head_json":{"title":"PRIVACY POLICY | Le Coupeur","robots":{"index":"index","follow":"follow","max-snippet":"max-snippet:-1","max-image-preview":"max-image-preview:large","max-video-preview":"max-video-preview:-1"},"canonical":"https:\/\/lecoupeur.com\/en\/politique-de-confidentialite\/","og_locale":"en_US","og_type":"article","og_title":"PRIVACY POLICY | Le Coupeur","og_description":"Privacy policy","og_url":"https:\/\/lecoupeur.com\/en\/politique-de-confidentialite\/","og_site_name":"Le Coupeur","article_publisher":"https:\/\/www.facebook.com\/lecoupeurbarber\/","article_modified_time":"2022-07-17T22:08:10+00:00","twitter_card":"summary_large_image","schema":{"@context":"https:\/\/schema.org","@graph":[{"@type":"WebPage","@id":"https:\/\/lecoupeur.com\/en\/politique-de-confidentialite\/","url":"https:\/\/lecoupeur.com\/en\/politique-de-confidentialite\/","name":"PRIVACY POLICY | Le Coupeur","isPartOf":{"@id":"https:\/\/lecoupeur.com\/#website"},"datePublished":"2020-10-01T15:49:13+00:00","dateModified":"2022-07-17T22:08:10+00:00","breadcrumb":{"@id":"https:\/\/lecoupeur.com\/en\/politique-de-confidentialite\/#breadcrumb"},"inLanguage":"en-US","potentialAction":[{"@type":"ReadAction","target":["https:\/\/lecoupeur.com\/en\/politique-de-confidentialite\/"]}]},{"@type":"BreadcrumbList","@id":"https:\/\/lecoupeur.com\/en\/politique-de-confidentialite\/#breadcrumb","itemListElement":[{"@type":"ListItem","position":1,"name":"Home","item":"https:\/\/lecoupeur.com\/en\/"},{"@type":"ListItem","position":2,"name":"PRIVACY POLICY"}]},{"@type":"WebSite","@id":"https:\/\/lecoupeur.com\/#website","url":"https:\/\/lecoupeur.com\/","name":"Le Coupeur","description":"Votre Coiffeur - Barbier vous accueille \u00e0 St Ju\u00e9ry","publisher":{"@id":"https:\/\/lecoupeur.com\/#organization"},"potentialAction":[{"@type":"SearchAction","target":{"@type":"EntryPoint","urlTemplate":"https:\/\/lecoupeur.com\/?s={search_term_string}"},"query-input":"required name=search_term_string"}],"inLanguage":"en-US"},{"@type":"Organization","@id":"https:\/\/lecoupeur.com\/#organization","name":"Le Coupeur","url":"https:\/\/lecoupeur.com\/","logo":{"@type":"ImageObject","inLanguage":"en-US","@id":"https:\/\/lecoupeur.com\/#\/schema\/logo\/image\/","url":"https:\/\/lecoupeur.com\/wp-content\/uploads\/2020\/11\/Logo-Le-Coupeur.jpg","contentUrl":"https:\/\/lecoupeur.com\/wp-content\/uploads\/2020\/11\/Logo-Le-Coupeur.jpg","width":1000,"height":1074,"caption":"Le Coupeur"},"image":{"@id":"https:\/\/lecoupeur.com\/#\/schema\/logo\/image\/"},"sameAs":["https:\/\/www.facebook.com\/lecoupeurbarber\/","https:\/\/www.instagram.com\/lecoupeurstore"]}]}},"_links":{"self":[{"href":"https:\/\/lecoupeur.com\/en\/wp-json\/wp\/v2\/pages\/463"}],"collection":[{"href":"https:\/\/lecoupeur.com\/en\/wp-json\/wp\/v2\/pages"}],"about":[{"href":"https:\/\/lecoupeur.com\/en\/wp-json\/wp\/v2\/types\/page"}],"author":[{"embeddable":true,"href":"https:\/\/lecoupeur.com\/en\/wp-json\/wp\/v2\/users\/1"}],"replies":[{"embeddable":true,"href":"https:\/\/lecoupeur.com\/en\/wp-json\/wp\/v2\/comments?post=463"}],"version-history":[{"count":28,"href":"https:\/\/lecoupeur.com\/en\/wp-json\/wp\/v2\/pages\/463\/revisions"}],"predecessor-version":[{"id":3444,"href":"https:\/\/lecoupeur.com\/en\/wp-json\/wp\/v2\/pages\/463\/revisions\/3444"}],"wp:attachment":[{"href":"https:\/\/lecoupeur.com\/en\/wp-json\/wp\/v2\/media?parent=463"}],"curies":[{"name":"wp","href":"https:\/\/api.w.org\/{rel}","templated":true}]}}