{"id":1196,"date":"2020-04-23T00:00:00","date_gmt":"2020-04-23T00:00:00","guid":{"rendered":"https:\/\/lecoupeur.team-yield.dev\/produit\/matt-pomade\/"},"modified":"2022-07-16T14:34:04","modified_gmt":"2022-07-16T14:34:04","slug":"matt-pomade","status":"publish","type":"product","link":"https:\/\/lecoupeur.com\/en\/boutique\/products\/matt-pomade\/","title":{"rendered":"MATT POMADE"},"content":{"rendered":"<p>Matte Pomade is an all-rounder, formulated to give a medium hold with a natural matte finish.<\/p>\n<p>Matte Pomade performs exceptionally well in a range of hair lengths and types. Matte Pomade has been designed to create a broad range of styles, both classic and modern.<\/p>\n<p>Don\u2019t let the creamy appearance fool you, Matte Pomade really packs a punch once applied to your hair giving grip and hold to assist in achieving a great look that lasts.<\/p>\n<p>This product is also water soluble so it can be washed out with ease. With a smell so good you\u2019ll almost want to eat it, this versatile product is a must have in your styling range.<\/p>\n<p>Hold: Medium<\/p>\n<p>Finish: No shine natural matte look<\/p>\n<p>Style guide: Outstanding performance across a diverse range of styles, classic and modern<\/p>\n<p>Hair type: All hair types and lengths<\/p>\n<p>Fragrance: Cr\u00e8me Br\u00fbl\u00e9e<\/p>\n<p>Size: 100g<\/p>\n<p>Base: Water based<\/p>\n","protected":false},"excerpt":{"rendered":"<p class=\"p1\">Matte Pomade is an all-rounder, formulated to give a medium hold with a natural matte finish.<\/p>\n","protected":false},"featured_media":2103,"template":"","meta":[],"product_cat":[36],"product_tag":[83],"yoast_head":"<!-- This site is optimized with the Yoast SEO plugin v20.6 - https:\/\/yoast.com\/wordpress\/plugins\/seo\/ -->\n<title>Matt Pomade - Hair - Uppercut Deluxe - Le Coupeur<\/title>\n<meta name=\"description\" content=\"Discover a range of essential products for your beard and hair. Matt pomade - Uppercut Deluxe is available in the Le Coupeur store.\" \/>\n<meta name=\"robots\" content=\"index, follow, max-snippet:-1, max-image-preview:large, max-video-preview:-1\" \/>\n<link rel=\"canonical\" href=\"https:\/\/lecoupeur.com\/en\/boutique\/products\/matt-pomade\/\" \/>\n<meta property=\"og:locale\" content=\"en_US\" \/>\n<meta property=\"og:type\" content=\"article\" \/>\n<meta property=\"og:title\" content=\"Matt Pomade - Hair - Uppercut Deluxe - Le Coupeur\" \/>\n<meta property=\"og:description\" content=\"Discover a range of essential products for your beard and hair. Matt pomade - Uppercut Deluxe is available in the Le Coupeur store.\" \/>\n<meta property=\"og:url\" content=\"https:\/\/lecoupeur.com\/en\/boutique\/products\/matt-pomade\/\" \/>\n<meta property=\"og:site_name\" content=\"Le Coupeur\" \/>\n<meta property=\"article:publisher\" content=\"https:\/\/www.facebook.com\/lecoupeurbarber\/\" \/>\n<meta property=\"article:modified_time\" content=\"2022-07-16T14:34:04+00:00\" \/>\n<meta property=\"og:image\" content=\"https:\/\/lecoupeur.com\/wp-content\/uploads\/2021\/01\/MATT-POMMADE-UPPERCUT-DELUXE-3-1-5.jpg\" \/>\n\t<meta property=\"og:image:width\" content=\"720\" \/>\n\t<meta property=\"og:image:height\" content=\"720\" \/>\n\t<meta property=\"og:image:type\" content=\"image\/jpeg\" \/>\n<meta name=\"twitter:card\" content=\"summary_large_image\" \/>\n<meta name=\"twitter:label1\" content=\"Est. reading time\" \/>\n\t<meta name=\"twitter:data1\" content=\"1 minute\" \/>\n<script type=\"application\/ld+json\" class=\"yoast-schema-graph\">{\"@context\":\"https:\/\/schema.org\",\"@graph\":[{\"@type\":\"WebPage\",\"@id\":\"https:\/\/lecoupeur.com\/en\/boutique\/products\/matt-pomade\/\",\"url\":\"https:\/\/lecoupeur.com\/en\/boutique\/products\/matt-pomade\/\",\"name\":\"Matt Pomade - Hair - Uppercut Deluxe - Le Coupeur\",\"isPartOf\":{\"@id\":\"https:\/\/lecoupeur.com\/#website\"},\"datePublished\":\"2020-04-23T00:00:00+00:00\",\"dateModified\":\"2022-07-16T14:34:04+00:00\",\"description\":\"Discover a range of essential products for your beard and hair. Matt pomade - Uppercut Deluxe is available in the Le Coupeur store.\",\"breadcrumb\":{\"@id\":\"https:\/\/lecoupeur.com\/en\/boutique\/products\/matt-pomade\/#breadcrumb\"},\"inLanguage\":\"en-US\",\"potentialAction\":[{\"@type\":\"ReadAction\",\"target\":[\"https:\/\/lecoupeur.com\/en\/boutique\/products\/matt-pomade\/\"]}]},{\"@type\":\"BreadcrumbList\",\"@id\":\"https:\/\/lecoupeur.com\/en\/boutique\/products\/matt-pomade\/#breadcrumb\",\"itemListElement\":[{\"@type\":\"ListItem\",\"position\":1,\"name\":\"Home\",\"item\":\"https:\/\/lecoupeur.com\/en\/\"},{\"@type\":\"ListItem\",\"position\":2,\"name\":\"Boutique\",\"item\":\"https:\/\/lecoupeur.com\/boutique\/\"},{\"@type\":\"ListItem\",\"position\":3,\"name\":\"MATT POMADE\"}]},{\"@type\":\"WebSite\",\"@id\":\"https:\/\/lecoupeur.com\/#website\",\"url\":\"https:\/\/lecoupeur.com\/\",\"name\":\"Le Coupeur\",\"description\":\"Votre Coiffeur - Barbier vous accueille \u00e0 St Ju\u00e9ry\",\"publisher\":{\"@id\":\"https:\/\/lecoupeur.com\/#organization\"},\"potentialAction\":[{\"@type\":\"SearchAction\",\"target\":{\"@type\":\"EntryPoint\",\"urlTemplate\":\"https:\/\/lecoupeur.com\/?s={search_term_string}\"},\"query-input\":\"required name=search_term_string\"}],\"inLanguage\":\"en-US\"},{\"@type\":\"Organization\",\"@id\":\"https:\/\/lecoupeur.com\/#organization\",\"name\":\"Le Coupeur\",\"url\":\"https:\/\/lecoupeur.com\/\",\"logo\":{\"@type\":\"ImageObject\",\"inLanguage\":\"en-US\",\"@id\":\"https:\/\/lecoupeur.com\/#\/schema\/logo\/image\/\",\"url\":\"https:\/\/lecoupeur.com\/wp-content\/uploads\/2020\/11\/Logo-Le-Coupeur.jpg\",\"contentUrl\":\"https:\/\/lecoupeur.com\/wp-content\/uploads\/2020\/11\/Logo-Le-Coupeur.jpg\",\"width\":1000,\"height\":1074,\"caption\":\"Le Coupeur\"},\"image\":{\"@id\":\"https:\/\/lecoupeur.com\/#\/schema\/logo\/image\/\"},\"sameAs\":[\"https:\/\/www.facebook.com\/lecoupeurbarber\/\",\"https:\/\/www.instagram.com\/lecoupeurstore\"]}]}<\/script>\n<!-- \/ Yoast SEO plugin. -->","yoast_head_json":{"title":"Matt Pomade - Hair - Uppercut Deluxe - Le Coupeur","description":"Discover a range of essential products for your beard and hair. Matt pomade - Uppercut Deluxe is available in the Le Coupeur store.","robots":{"index":"index","follow":"follow","max-snippet":"max-snippet:-1","max-image-preview":"max-image-preview:large","max-video-preview":"max-video-preview:-1"},"canonical":"https:\/\/lecoupeur.com\/en\/boutique\/products\/matt-pomade\/","og_locale":"en_US","og_type":"article","og_title":"Matt Pomade - Hair - Uppercut Deluxe - Le Coupeur","og_description":"Discover a range of essential products for your beard and hair. Matt pomade - Uppercut Deluxe is available in the Le Coupeur store.","og_url":"https:\/\/lecoupeur.com\/en\/boutique\/products\/matt-pomade\/","og_site_name":"Le Coupeur","article_publisher":"https:\/\/www.facebook.com\/lecoupeurbarber\/","article_modified_time":"2022-07-16T14:34:04+00:00","og_image":[{"width":720,"height":720,"url":"https:\/\/lecoupeur.com\/wp-content\/uploads\/2021\/01\/MATT-POMMADE-UPPERCUT-DELUXE-3-1-5.jpg","type":"image\/jpeg"}],"twitter_card":"summary_large_image","twitter_misc":{"Est. reading time":"1 minute"},"schema":{"@context":"https:\/\/schema.org","@graph":[{"@type":"WebPage","@id":"https:\/\/lecoupeur.com\/en\/boutique\/products\/matt-pomade\/","url":"https:\/\/lecoupeur.com\/en\/boutique\/products\/matt-pomade\/","name":"Matt Pomade - Hair - Uppercut Deluxe - Le Coupeur","isPartOf":{"@id":"https:\/\/lecoupeur.com\/#website"},"datePublished":"2020-04-23T00:00:00+00:00","dateModified":"2022-07-16T14:34:04+00:00","description":"Discover a range of essential products for your beard and hair. Matt pomade - Uppercut Deluxe is available in the Le Coupeur store.","breadcrumb":{"@id":"https:\/\/lecoupeur.com\/en\/boutique\/products\/matt-pomade\/#breadcrumb"},"inLanguage":"en-US","potentialAction":[{"@type":"ReadAction","target":["https:\/\/lecoupeur.com\/en\/boutique\/products\/matt-pomade\/"]}]},{"@type":"BreadcrumbList","@id":"https:\/\/lecoupeur.com\/en\/boutique\/products\/matt-pomade\/#breadcrumb","itemListElement":[{"@type":"ListItem","position":1,"name":"Home","item":"https:\/\/lecoupeur.com\/en\/"},{"@type":"ListItem","position":2,"name":"Boutique","item":"https:\/\/lecoupeur.com\/boutique\/"},{"@type":"ListItem","position":3,"name":"MATT POMADE"}]},{"@type":"WebSite","@id":"https:\/\/lecoupeur.com\/#website","url":"https:\/\/lecoupeur.com\/","name":"Le Coupeur","description":"Votre Coiffeur - Barbier vous accueille \u00e0 St Ju\u00e9ry","publisher":{"@id":"https:\/\/lecoupeur.com\/#organization"},"potentialAction":[{"@type":"SearchAction","target":{"@type":"EntryPoint","urlTemplate":"https:\/\/lecoupeur.com\/?s={search_term_string}"},"query-input":"required name=search_term_string"}],"inLanguage":"en-US"},{"@type":"Organization","@id":"https:\/\/lecoupeur.com\/#organization","name":"Le Coupeur","url":"https:\/\/lecoupeur.com\/","logo":{"@type":"ImageObject","inLanguage":"en-US","@id":"https:\/\/lecoupeur.com\/#\/schema\/logo\/image\/","url":"https:\/\/lecoupeur.com\/wp-content\/uploads\/2020\/11\/Logo-Le-Coupeur.jpg","contentUrl":"https:\/\/lecoupeur.com\/wp-content\/uploads\/2020\/11\/Logo-Le-Coupeur.jpg","width":1000,"height":1074,"caption":"Le Coupeur"},"image":{"@id":"https:\/\/lecoupeur.com\/#\/schema\/logo\/image\/"},"sameAs":["https:\/\/www.facebook.com\/lecoupeurbarber\/","https:\/\/www.instagram.com\/lecoupeurstore"]}]}},"_links":{"self":[{"href":"https:\/\/lecoupeur.com\/en\/wp-json\/wp\/v3\/product\/1196"}],"collection":[{"href":"https:\/\/lecoupeur.com\/en\/wp-json\/wp\/v3\/product"}],"about":[{"href":"https:\/\/lecoupeur.com\/en\/wp-json\/wp\/v2\/types\/product"}],"wp:featuredmedia":[{"embeddable":true,"href":"https:\/\/lecoupeur.com\/en\/wp-json\/wp\/v2\/media\/2103"}],"wp:attachment":[{"href":"https:\/\/lecoupeur.com\/en\/wp-json\/wp\/v2\/media?parent=1196"}],"wp:term":[{"taxonomy":"product_cat","embeddable":true,"href":"https:\/\/lecoupeur.com\/en\/wp-json\/wp\/v2\/product_cat?post=1196"},{"taxonomy":"product_tag","embeddable":true,"href":"https:\/\/lecoupeur.com\/en\/wp-json\/wp\/v2\/product_tag?post=1196"}],"curies":[{"name":"wp","href":"https:\/\/api.w.org\/{rel}","templated":true}]}}