{"id":3172,"date":"2022-07-15T12:32:30","date_gmt":"2022-07-15T12:32:30","guid":{"rendered":"https:\/\/lecoupeur.team-yield.dev\/boutique\/uncategorized\/prima-dopo-shaving-set\/"},"modified":"2022-07-20T09:48:34","modified_gmt":"2022-07-20T09:48:34","slug":"prima-dopo-shaving-set","status":"publish","type":"product","link":"https:\/\/lecoupeur.com\/en\/boutique\/products\/prima-dopo-shaving-set\/","title":{"rendered":"PRIMA DOPO SHAVING SET"},"content":{"rendered":"<p><strong>Un coffret de rasage\u00a0d\u00e9di\u00e9 aux barbes \u00e9paisses ou peaux s\u00e8ches<\/strong><\/p>\n<p>Gamme rouge : Barbes \u00e9paisses \u2013 Emolliente et nourrissante<\/p>\n<p>Une barbe touffue ou difficile \u00e0 raser ? Une peau s\u00e8che qui tiraille ? Ce coffret au look r\u00e9tro rassemble les basics pour un rasage traditionnel et confortable. A offrir ou \u00e0 s\u2019offrir\u00a0!<\/p>\n<p>Trois indispensables formul\u00e9s \u00e0 partir de Beurre de Karit\u00e9 et d\u2019Huile de bois de Santal :<\/p>\n<ul>\n<li>La Cr\u00e8me Avant-Rasage Emolliente et Nourrissante (100ml) va pr\u00e9parer la peau et adoucir les barbes les plus difficiles, cl\u00e9 d\u2019un rasage confortable.<\/li>\n<li>La Cr\u00e8me \u00e0 Raser Emolliente et Nourrissante (150ml) assure une glisse parfaite de la lame pour un rasage\u00a0impeccable.<\/li>\n<li>La Lotion Apr\u00e8s-Rasage Emolliente et Nourrissante (100ml) permet \u00e0 la peau de retrouver toute sa douceur et sa souplesse.<\/li>\n<\/ul>\n<h5>En savoir plus&#8230;<\/h5>\n<p>Depuis trois g\u00e9n\u00e9rations, entre savoir-faire historique et modernit\u00e9, Proraso cr\u00e9e\u00a0des soins sur-mesure\u00a0adapt\u00e9s \u00e0 chaque \u00e9tape du rasage.<\/p>\n<p>Pour les amoureux du rasage \u00e0 l\u2019ancienne, Proraso a cr\u00e9\u00e9 ce coffret autour de sa gamme Emolliente et Nourrissante.\u00a0Des produits qui r\u00e9pondent aux besoins des barbes \u00e9paisses\/touffues\/difficiles \u00e0 raser\u00a0mais aussi aux peaux tr\u00e8s s\u00e8ches.\u00a0Le <strong>Beurre de Karit\u00e9<\/strong> et l&#8217;<strong>Huile de Bois de Santal<\/strong> offre un rasage impeccable et nourrissant.<\/p>\n<p>Les essentiels : Une cr\u00e8me\u00a0avant-rasage\u00a0et\u00a0une\u00a0cr\u00e8me \u00e0 raser pour un peau et\u00a0des poils assouplis. La lotion apr\u00e8s-rasage r\u00e9conforte et\u00a0rend la peau douce,\u00a0pr\u00eate au test du bisou !\u00a0Son plus ? Un coffret au look r\u00e9tro inspir\u00e9 d\u2019anciennes\u00a0publicit\u00e9s de la marque.<\/p>\n<p><strong><em>Notre avis : Le cadeau id\u00e9al pour un ch\u00e9ri, un papa, un fr\u00e8re, un ami\u2026 (on vous \u00e9pargne toute notre liste!)<\/em><\/strong><\/p>\n<p><strong>Ne vous manque t\u2019il pas les deux accessoires ultimes ? Pour \u00eatre vraiment au complet pensez \u00e0 notre rasoir Shavette\u00a0<\/strong><strong>Proraso et au Blaireau Professionnel Proraso. La Shavette offre un\u00a0\u00a0rasage \u00e0 l\u2019ancienne mais sans les contraintes\u00a0d\u2019un<\/strong><br \/>\n<strong>coupe-choux. Facile \u00e0 manipuler, rapide d\u2019utilisation,\u00a0hygi\u00e9nique et confortable. Le Blaireau Proraso est utilis\u00e9 par\u00a0<\/strong><strong>les Ma\u00eetres Barbiers du monde entier.<\/strong><\/p>\n","protected":false},"excerpt":{"rendered":"<p>Un coffret de rasage\u00a0d\u00e9di\u00e9 aux barbes \u00e9paisses ou peaux s\u00e8ches Gamme rouge : Barbes \u00e9paisses \u2013 Emolliente et nourrissante Une barbe touffue ou difficile \u00e0 raser ? Une peau s\u00e8che qui tiraille ? Ce coffret au look r\u00e9tro rassemble les basics pour un rasage traditionnel et confortable. A offrir ou \u00e0 s\u2019offrir\u00a0! Trois indispensables formul\u00e9s [&hellip;]<\/p>\n","protected":false},"featured_media":3022,"template":"","meta":[],"product_cat":[36],"product_tag":[81],"yoast_head":"<!-- This site is optimized with the Yoast SEO plugin v20.6 - https:\/\/yoast.com\/wordpress\/plugins\/seo\/ -->\n<title>PRIMA DOPO SHAVING SET | Le Coupeur<\/title>\n<meta name=\"description\" content=\"Large selection of essential beard and hair products. PRIMA DOPO SHAVING SET available in the Le Coupeur store\" \/>\n<meta name=\"robots\" content=\"index, follow, max-snippet:-1, max-image-preview:large, max-video-preview:-1\" \/>\n<link rel=\"canonical\" href=\"https:\/\/lecoupeur.com\/en\/boutique\/products\/prima-dopo-shaving-set\/\" \/>\n<meta property=\"og:locale\" content=\"en_US\" \/>\n<meta property=\"og:type\" content=\"article\" \/>\n<meta property=\"og:title\" content=\"PRIMA DOPO SHAVING SET | Le Coupeur\" \/>\n<meta property=\"og:description\" content=\"Large selection of essential beard and hair products. PRIMA DOPO SHAVING SET available in the Le Coupeur store\" \/>\n<meta property=\"og:url\" content=\"https:\/\/lecoupeur.com\/en\/boutique\/products\/prima-dopo-shaving-set\/\" \/>\n<meta property=\"og:site_name\" content=\"Le Coupeur\" \/>\n<meta property=\"article:publisher\" content=\"https:\/\/www.facebook.com\/lecoupeurbarber\/\" \/>\n<meta property=\"article:modified_time\" content=\"2022-07-20T09:48:34+00:00\" \/>\n<meta property=\"og:image\" content=\"https:\/\/lecoupeur.com\/wp-content\/uploads\/2022\/07\/Coffret-Primadopo_900x_405e1e70-7b08-46b0-a452-39ca34f7cbc3_1296x-2.jpg\" \/>\n\t<meta property=\"og:image:width\" content=\"1000\" \/>\n\t<meta property=\"og:image:height\" content=\"1000\" \/>\n\t<meta property=\"og:image:type\" content=\"image\/jpeg\" \/>\n<meta name=\"twitter:card\" content=\"summary_large_image\" \/>\n<meta name=\"twitter:label1\" content=\"Est. reading time\" \/>\n\t<meta name=\"twitter:data1\" content=\"2 minutes\" \/>\n<script type=\"application\/ld+json\" class=\"yoast-schema-graph\">{\"@context\":\"https:\/\/schema.org\",\"@graph\":[{\"@type\":\"WebPage\",\"@id\":\"https:\/\/lecoupeur.com\/en\/boutique\/products\/prima-dopo-shaving-set\/\",\"url\":\"https:\/\/lecoupeur.com\/en\/boutique\/products\/prima-dopo-shaving-set\/\",\"name\":\"PRIMA DOPO SHAVING SET | Le Coupeur\",\"isPartOf\":{\"@id\":\"https:\/\/lecoupeur.com\/#website\"},\"datePublished\":\"2022-07-15T12:32:30+00:00\",\"dateModified\":\"2022-07-20T09:48:34+00:00\",\"description\":\"Large selection of essential beard and hair products. PRIMA DOPO SHAVING SET available in the Le Coupeur store\",\"breadcrumb\":{\"@id\":\"https:\/\/lecoupeur.com\/en\/boutique\/products\/prima-dopo-shaving-set\/#breadcrumb\"},\"inLanguage\":\"en-US\",\"potentialAction\":[{\"@type\":\"ReadAction\",\"target\":[\"https:\/\/lecoupeur.com\/en\/boutique\/products\/prima-dopo-shaving-set\/\"]}]},{\"@type\":\"BreadcrumbList\",\"@id\":\"https:\/\/lecoupeur.com\/en\/boutique\/products\/prima-dopo-shaving-set\/#breadcrumb\",\"itemListElement\":[{\"@type\":\"ListItem\",\"position\":1,\"name\":\"Home\",\"item\":\"https:\/\/lecoupeur.com\/en\/\"},{\"@type\":\"ListItem\",\"position\":2,\"name\":\"Boutique\",\"item\":\"https:\/\/lecoupeur.com\/boutique\/\"},{\"@type\":\"ListItem\",\"position\":3,\"name\":\"PRIMA DOPO SHAVING SET\"}]},{\"@type\":\"WebSite\",\"@id\":\"https:\/\/lecoupeur.com\/#website\",\"url\":\"https:\/\/lecoupeur.com\/\",\"name\":\"Le Coupeur\",\"description\":\"Votre Coiffeur - Barbier vous accueille \u00e0 St Ju\u00e9ry\",\"publisher\":{\"@id\":\"https:\/\/lecoupeur.com\/#organization\"},\"potentialAction\":[{\"@type\":\"SearchAction\",\"target\":{\"@type\":\"EntryPoint\",\"urlTemplate\":\"https:\/\/lecoupeur.com\/?s={search_term_string}\"},\"query-input\":\"required name=search_term_string\"}],\"inLanguage\":\"en-US\"},{\"@type\":\"Organization\",\"@id\":\"https:\/\/lecoupeur.com\/#organization\",\"name\":\"Le Coupeur\",\"url\":\"https:\/\/lecoupeur.com\/\",\"logo\":{\"@type\":\"ImageObject\",\"inLanguage\":\"en-US\",\"@id\":\"https:\/\/lecoupeur.com\/#\/schema\/logo\/image\/\",\"url\":\"https:\/\/lecoupeur.com\/wp-content\/uploads\/2020\/11\/Logo-Le-Coupeur.jpg\",\"contentUrl\":\"https:\/\/lecoupeur.com\/wp-content\/uploads\/2020\/11\/Logo-Le-Coupeur.jpg\",\"width\":1000,\"height\":1074,\"caption\":\"Le Coupeur\"},\"image\":{\"@id\":\"https:\/\/lecoupeur.com\/#\/schema\/logo\/image\/\"},\"sameAs\":[\"https:\/\/www.facebook.com\/lecoupeurbarber\/\",\"https:\/\/www.instagram.com\/lecoupeurstore\"]}]}<\/script>\n<!-- \/ Yoast SEO plugin. -->","yoast_head_json":{"title":"PRIMA DOPO SHAVING SET | Le Coupeur","description":"Large selection of essential beard and hair products. PRIMA DOPO SHAVING SET available in the Le Coupeur store","robots":{"index":"index","follow":"follow","max-snippet":"max-snippet:-1","max-image-preview":"max-image-preview:large","max-video-preview":"max-video-preview:-1"},"canonical":"https:\/\/lecoupeur.com\/en\/boutique\/products\/prima-dopo-shaving-set\/","og_locale":"en_US","og_type":"article","og_title":"PRIMA DOPO SHAVING SET | Le Coupeur","og_description":"Large selection of essential beard and hair products. PRIMA DOPO SHAVING SET available in the Le Coupeur store","og_url":"https:\/\/lecoupeur.com\/en\/boutique\/products\/prima-dopo-shaving-set\/","og_site_name":"Le Coupeur","article_publisher":"https:\/\/www.facebook.com\/lecoupeurbarber\/","article_modified_time":"2022-07-20T09:48:34+00:00","og_image":[{"width":1000,"height":1000,"url":"https:\/\/lecoupeur.com\/wp-content\/uploads\/2022\/07\/Coffret-Primadopo_900x_405e1e70-7b08-46b0-a452-39ca34f7cbc3_1296x-2.jpg","type":"image\/jpeg"}],"twitter_card":"summary_large_image","twitter_misc":{"Est. reading time":"2 minutes"},"schema":{"@context":"https:\/\/schema.org","@graph":[{"@type":"WebPage","@id":"https:\/\/lecoupeur.com\/en\/boutique\/products\/prima-dopo-shaving-set\/","url":"https:\/\/lecoupeur.com\/en\/boutique\/products\/prima-dopo-shaving-set\/","name":"PRIMA DOPO SHAVING SET | Le Coupeur","isPartOf":{"@id":"https:\/\/lecoupeur.com\/#website"},"datePublished":"2022-07-15T12:32:30+00:00","dateModified":"2022-07-20T09:48:34+00:00","description":"Large selection of essential beard and hair products. PRIMA DOPO SHAVING SET available in the Le Coupeur store","breadcrumb":{"@id":"https:\/\/lecoupeur.com\/en\/boutique\/products\/prima-dopo-shaving-set\/#breadcrumb"},"inLanguage":"en-US","potentialAction":[{"@type":"ReadAction","target":["https:\/\/lecoupeur.com\/en\/boutique\/products\/prima-dopo-shaving-set\/"]}]},{"@type":"BreadcrumbList","@id":"https:\/\/lecoupeur.com\/en\/boutique\/products\/prima-dopo-shaving-set\/#breadcrumb","itemListElement":[{"@type":"ListItem","position":1,"name":"Home","item":"https:\/\/lecoupeur.com\/en\/"},{"@type":"ListItem","position":2,"name":"Boutique","item":"https:\/\/lecoupeur.com\/boutique\/"},{"@type":"ListItem","position":3,"name":"PRIMA DOPO SHAVING SET"}]},{"@type":"WebSite","@id":"https:\/\/lecoupeur.com\/#website","url":"https:\/\/lecoupeur.com\/","name":"Le Coupeur","description":"Votre Coiffeur - Barbier vous accueille \u00e0 St Ju\u00e9ry","publisher":{"@id":"https:\/\/lecoupeur.com\/#organization"},"potentialAction":[{"@type":"SearchAction","target":{"@type":"EntryPoint","urlTemplate":"https:\/\/lecoupeur.com\/?s={search_term_string}"},"query-input":"required name=search_term_string"}],"inLanguage":"en-US"},{"@type":"Organization","@id":"https:\/\/lecoupeur.com\/#organization","name":"Le Coupeur","url":"https:\/\/lecoupeur.com\/","logo":{"@type":"ImageObject","inLanguage":"en-US","@id":"https:\/\/lecoupeur.com\/#\/schema\/logo\/image\/","url":"https:\/\/lecoupeur.com\/wp-content\/uploads\/2020\/11\/Logo-Le-Coupeur.jpg","contentUrl":"https:\/\/lecoupeur.com\/wp-content\/uploads\/2020\/11\/Logo-Le-Coupeur.jpg","width":1000,"height":1074,"caption":"Le Coupeur"},"image":{"@id":"https:\/\/lecoupeur.com\/#\/schema\/logo\/image\/"},"sameAs":["https:\/\/www.facebook.com\/lecoupeurbarber\/","https:\/\/www.instagram.com\/lecoupeurstore"]}]}},"_links":{"self":[{"href":"https:\/\/lecoupeur.com\/en\/wp-json\/wp\/v3\/product\/3172"}],"collection":[{"href":"https:\/\/lecoupeur.com\/en\/wp-json\/wp\/v3\/product"}],"about":[{"href":"https:\/\/lecoupeur.com\/en\/wp-json\/wp\/v2\/types\/product"}],"wp:featuredmedia":[{"embeddable":true,"href":"https:\/\/lecoupeur.com\/en\/wp-json\/wp\/v2\/media\/3022"}],"wp:attachment":[{"href":"https:\/\/lecoupeur.com\/en\/wp-json\/wp\/v2\/media?parent=3172"}],"wp:term":[{"taxonomy":"product_cat","embeddable":true,"href":"https:\/\/lecoupeur.com\/en\/wp-json\/wp\/v2\/product_cat?post=3172"},{"taxonomy":"product_tag","embeddable":true,"href":"https:\/\/lecoupeur.com\/en\/wp-json\/wp\/v2\/product_tag?post=3172"}],"curies":[{"name":"wp","href":"https:\/\/api.w.org\/{rel}","templated":true}]}}